{"id":3,"date":"2019-06-05T11:39:57","date_gmt":"2019-06-05T11:39:57","guid":{"rendered":"http:\/\/www.terranovahealing.com\/?page_id=3"},"modified":"2022-03-09T11:55:25","modified_gmt":"2022-03-09T11:55:25","slug":"privacy-policy","status":"publish","type":"page","link":"https:\/\/www.terranovahealing.com\/index.php\/privacy-policy\/","title":{"rendered":"Privacy Policy"},"content":{"rendered":"\t\t<div data-elementor-type=\"wp-page\" data-elementor-id=\"3\" class=\"elementor elementor-3\">\n\t\t\t\t\t\t<section class=\"elementor-section elementor-top-section elementor-element elementor-element-8bbac10 elementor-section-boxed elementor-section-height-default elementor-section-height-default\" data-id=\"8bbac10\" data-element_type=\"section\" data-e-type=\"section\">\n\t\t\t\t\t\t<div class=\"elementor-container elementor-column-gap-default\">\n\t\t\t\t\t<div class=\"elementor-column elementor-col-100 elementor-top-column elementor-element elementor-element-516b190\" data-id=\"516b190\" data-element_type=\"column\" data-e-type=\"column\">\n\t\t\t<div class=\"elementor-widget-wrap elementor-element-populated\">\n\t\t\t\t\t\t<div class=\"elementor-element elementor-element-c1e7607 elementor-widget elementor-widget-text-editor\" data-id=\"c1e7607\" data-element_type=\"widget\" data-e-type=\"widget\" data-widget_type=\"text-editor.default\">\n\t\t\t\t<div class=\"elementor-widget-container\">\n\t\t\t\t\t\t\t\t\t<p><span style=\"color: #4b2e2e;\">Tietosuojaseloste<br \/>T\u00e4m\u00e4 on Terra Nova Healing,<br \/>henkil\u00f6tietolain (1999\/523 ja EU:n<br \/>yleisen tietosuoja-asetuksen<br \/>(GDPR) mukainen tietosuojaseloste.<br \/>Laadittu 22.02.2022.<\/span><\/p><p><span style=\"color: #4b2e2e;\"><br \/><strong>Yleist\u00e4<\/strong><br \/>Terra Nova Healing on sitoutunut suojaamaan asiakkaidensa yksityisyytt\u00e4.<br \/>T\u00e4ll\u00e4 tietosuojaselosteella informoimme asiakkaitamme heid\u00e4n henkil\u00f6tietojensa k\u00e4sittelyst\u00e4.<br \/>Rekisterinpit\u00e4j\u00e4<br \/>Terra Nova Healing<\/span><\/p><p>\u00a0<strong>Yhteydenotot<\/strong><br \/>Jos teill\u00e4 on kysytt\u00e4v\u00e4\u00e4 henkil\u00f6tietojenne k\u00e4sittelyst\u00e4, haluatte tiet\u00e4\u00e4 mit\u00e4 tietoja teist\u00e4 on tallennettu tai haluatte poistaa tietonne j\u00e4rjestelm\u00e4st\u00e4mme, voitte ottaa yhteytt\u00e4 s\u00e4hk\u00f6postitse osoitteeseen: terranovahealing11@gmail.com<br \/>Henkil\u00f6tietojen ker\u00e4\u00e4minen ja k\u00e4ytt\u00f6<\/p><p>Henkil\u00f6tietoja saadaan vain rekister\u00f6idyilt\u00e4 itselt\u00e4\u00e4n ja saatuja tietoja k\u00e4ytet\u00e4\u00e4n asiakassuhteen<br \/>hoitoon (henkil\u00f6tietolain 8 \u00a7).<\/p><p>Henkil\u00f6tietojen suojaus<br \/>Henkil\u00f6tietojen k\u00e4sittelyss\u00e4 noudatetaan huolellisuutta ja tietoj\u00e4rjestelmien avulla k\u00e4sitelt\u00e4v\u00e4t<br \/>tiedot suojataan asianmukaisesti.<br \/>Kaikki henkil\u00f6tiedot ovat suojattu asiattomalta p\u00e4\u00e4sylt\u00e4 ja vahingossa tai laittomasti<br \/>tapahtuvalta muuttamiselta, luovuttamiselta, siirt\u00e4miselt\u00e4 tai muulta laittomalta k\u00e4sittelylt\u00e4.<br \/>\u200b<br \/>Henkil\u00f6tietojen luovutus ja siirto<br \/>Terra Nova Healing ei luovuta ja\/tai siirr\u00e4 tietoja miss\u00e4\u00e4n muodossa kolmansille osapuolille.<\/p>\t\t\t\t\t\t\t\t<\/div>\n\t\t\t\t<\/div>\n\t\t\t\t\t<\/div>\n\t\t<\/div>\n\t\t\t\t\t<\/div>\n\t\t<\/section>\n\t\t\t\t<\/div>\n\t\t","protected":false},"excerpt":{"rendered":"<p>Tietosuojaseloste T\u00e4m\u00e4 on Terra Nova Healing, henkil\u00f6tietolain (1999\/523 ja EU:n yleisen tietosuoja-asetuksen (GDPR) mukainen tietosuojaseloste. Laadittu 22.02.2022. Yleist\u00e4 Terra Nova Healing on sitoutunut suojaamaan asiakkaidensa&hellip;<\/p>\n","protected":false},"author":1,"featured_media":0,"parent":0,"menu_order":0,"comment_status":"closed","ping_status":"open","template":"","meta":{"footnotes":""},"class_list":["post-3","page","type-page","status-publish","hentry"],"yoast_head":"<!-- This site is optimized with the Yoast SEO plugin v27.4 - https:\/\/yoast.com\/product\/yoast-seo-wordpress\/ -->\n<title>Privacy Policy - Terra Nova Healing<\/title>\n<meta name=\"robots\" content=\"index, follow, max-snippet:-1, max-image-preview:large, max-video-preview:-1\" \/>\n<link rel=\"canonical\" href=\"https:\/\/www.terranovahealing.com\/index.php\/privacy-policy\/\" \/>\n<meta property=\"og:locale\" content=\"fi_FI\" \/>\n<meta property=\"og:type\" content=\"article\" \/>\n<meta property=\"og:title\" content=\"Privacy Policy - Terra Nova Healing\" \/>\n<meta property=\"og:description\" content=\"Tietosuojaseloste T\u00e4m\u00e4 on Terra Nova Healing, henkil\u00f6tietolain (1999\/523 ja EU:n yleisen tietosuoja-asetuksen (GDPR) mukainen tietosuojaseloste. Laadittu 22.02.2022. Yleist\u00e4 Terra Nova Healing on sitoutunut suojaamaan asiakkaidensa&hellip;\" \/>\n<meta property=\"og:url\" content=\"https:\/\/www.terranovahealing.com\/index.php\/privacy-policy\/\" \/>\n<meta property=\"og:site_name\" content=\"Terra Nova Healing\" \/>\n<meta property=\"article:publisher\" content=\"https:\/\/www.facebook.com\/Terra-Nova-Healing-100112459271361\" \/>\n<meta property=\"article:modified_time\" content=\"2022-03-09T11:55:25+00:00\" \/>\n<meta name=\"twitter:card\" content=\"summary_large_image\" \/>\n<meta name=\"twitter:label1\" content=\"Arvioitu lukuaika\" \/>\n\t<meta name=\"twitter:data1\" content=\"1 minuutti\" \/>\n<script type=\"application\/ld+json\" class=\"yoast-schema-graph\">{\"@context\":\"https:\\\/\\\/schema.org\",\"@graph\":[{\"@type\":\"WebPage\",\"@id\":\"https:\\\/\\\/www.terranovahealing.com\\\/index.php\\\/privacy-policy\\\/\",\"url\":\"https:\\\/\\\/www.terranovahealing.com\\\/index.php\\\/privacy-policy\\\/\",\"name\":\"Privacy Policy - Terra Nova Healing\",\"isPartOf\":{\"@id\":\"https:\\\/\\\/www.terranovahealing.com\\\/#website\"},\"datePublished\":\"2019-06-05T11:39:57+00:00\",\"dateModified\":\"2022-03-09T11:55:25+00:00\",\"breadcrumb\":{\"@id\":\"https:\\\/\\\/www.terranovahealing.com\\\/index.php\\\/privacy-policy\\\/#breadcrumb\"},\"inLanguage\":\"fi\",\"potentialAction\":[{\"@type\":\"ReadAction\",\"target\":[\"https:\\\/\\\/www.terranovahealing.com\\\/index.php\\\/privacy-policy\\\/\"]}]},{\"@type\":\"BreadcrumbList\",\"@id\":\"https:\\\/\\\/www.terranovahealing.com\\\/index.php\\\/privacy-policy\\\/#breadcrumb\",\"itemListElement\":[{\"@type\":\"ListItem\",\"position\":1,\"name\":\"Etusivu\",\"item\":\"https:\\\/\\\/www.terranovahealing.com\\\/\"},{\"@type\":\"ListItem\",\"position\":2,\"name\":\"Privacy Policy\"}]},{\"@type\":\"WebSite\",\"@id\":\"https:\\\/\\\/www.terranovahealing.com\\\/#website\",\"url\":\"https:\\\/\\\/www.terranovahealing.com\\\/\",\"name\":\"Terra Nova Healing\",\"description\":\"Energiahoitoja\",\"publisher\":{\"@id\":\"https:\\\/\\\/www.terranovahealing.com\\\/#organization\"},\"potentialAction\":[{\"@type\":\"SearchAction\",\"target\":{\"@type\":\"EntryPoint\",\"urlTemplate\":\"https:\\\/\\\/www.terranovahealing.com\\\/?s={search_term_string}\"},\"query-input\":{\"@type\":\"PropertyValueSpecification\",\"valueRequired\":true,\"valueName\":\"search_term_string\"}}],\"inLanguage\":\"fi\"},{\"@type\":\"Organization\",\"@id\":\"https:\\\/\\\/www.terranovahealing.com\\\/#organization\",\"name\":\"Terra Nova Healing\",\"url\":\"https:\\\/\\\/www.terranovahealing.com\\\/\",\"logo\":{\"@type\":\"ImageObject\",\"inLanguage\":\"fi\",\"@id\":\"https:\\\/\\\/www.terranovahealing.com\\\/#\\\/schema\\\/logo\\\/image\\\/\",\"url\":\"http:\\\/\\\/www.terranovahealing.com\\\/wp-content\\\/uploads\\\/2022\\\/03\\\/cropped-1646646625787.png\",\"contentUrl\":\"http:\\\/\\\/www.terranovahealing.com\\\/wp-content\\\/uploads\\\/2022\\\/03\\\/cropped-1646646625787.png\",\"width\":647,\"height\":143,\"caption\":\"Terra Nova Healing\"},\"image\":{\"@id\":\"https:\\\/\\\/www.terranovahealing.com\\\/#\\\/schema\\\/logo\\\/image\\\/\"},\"sameAs\":[\"https:\\\/\\\/www.facebook.com\\\/Terra-Nova-Healing-100112459271361\",\"https:\\\/\\\/www.instagram.com\\\/terranovahealing11\\\/\"]}]}<\/script>\n<!-- \/ Yoast SEO plugin. -->","yoast_head_json":{"title":"Privacy Policy - Terra Nova Healing","robots":{"index":"index","follow":"follow","max-snippet":"max-snippet:-1","max-image-preview":"max-image-preview:large","max-video-preview":"max-video-preview:-1"},"canonical":"https:\/\/www.terranovahealing.com\/index.php\/privacy-policy\/","og_locale":"fi_FI","og_type":"article","og_title":"Privacy Policy - Terra Nova Healing","og_description":"Tietosuojaseloste T\u00e4m\u00e4 on Terra Nova Healing, henkil\u00f6tietolain (1999\/523 ja EU:n yleisen tietosuoja-asetuksen (GDPR) mukainen tietosuojaseloste. Laadittu 22.02.2022. Yleist\u00e4 Terra Nova Healing on sitoutunut suojaamaan asiakkaidensa&hellip;","og_url":"https:\/\/www.terranovahealing.com\/index.php\/privacy-policy\/","og_site_name":"Terra Nova Healing","article_publisher":"https:\/\/www.facebook.com\/Terra-Nova-Healing-100112459271361","article_modified_time":"2022-03-09T11:55:25+00:00","twitter_card":"summary_large_image","twitter_misc":{"Arvioitu lukuaika":"1 minuutti"},"schema":{"@context":"https:\/\/schema.org","@graph":[{"@type":"WebPage","@id":"https:\/\/www.terranovahealing.com\/index.php\/privacy-policy\/","url":"https:\/\/www.terranovahealing.com\/index.php\/privacy-policy\/","name":"Privacy Policy - Terra Nova Healing","isPartOf":{"@id":"https:\/\/www.terranovahealing.com\/#website"},"datePublished":"2019-06-05T11:39:57+00:00","dateModified":"2022-03-09T11:55:25+00:00","breadcrumb":{"@id":"https:\/\/www.terranovahealing.com\/index.php\/privacy-policy\/#breadcrumb"},"inLanguage":"fi","potentialAction":[{"@type":"ReadAction","target":["https:\/\/www.terranovahealing.com\/index.php\/privacy-policy\/"]}]},{"@type":"BreadcrumbList","@id":"https:\/\/www.terranovahealing.com\/index.php\/privacy-policy\/#breadcrumb","itemListElement":[{"@type":"ListItem","position":1,"name":"Etusivu","item":"https:\/\/www.terranovahealing.com\/"},{"@type":"ListItem","position":2,"name":"Privacy Policy"}]},{"@type":"WebSite","@id":"https:\/\/www.terranovahealing.com\/#website","url":"https:\/\/www.terranovahealing.com\/","name":"Terra Nova Healing","description":"Energiahoitoja","publisher":{"@id":"https:\/\/www.terranovahealing.com\/#organization"},"potentialAction":[{"@type":"SearchAction","target":{"@type":"EntryPoint","urlTemplate":"https:\/\/www.terranovahealing.com\/?s={search_term_string}"},"query-input":{"@type":"PropertyValueSpecification","valueRequired":true,"valueName":"search_term_string"}}],"inLanguage":"fi"},{"@type":"Organization","@id":"https:\/\/www.terranovahealing.com\/#organization","name":"Terra Nova Healing","url":"https:\/\/www.terranovahealing.com\/","logo":{"@type":"ImageObject","inLanguage":"fi","@id":"https:\/\/www.terranovahealing.com\/#\/schema\/logo\/image\/","url":"http:\/\/www.terranovahealing.com\/wp-content\/uploads\/2022\/03\/cropped-1646646625787.png","contentUrl":"http:\/\/www.terranovahealing.com\/wp-content\/uploads\/2022\/03\/cropped-1646646625787.png","width":647,"height":143,"caption":"Terra Nova Healing"},"image":{"@id":"https:\/\/www.terranovahealing.com\/#\/schema\/logo\/image\/"},"sameAs":["https:\/\/www.facebook.com\/Terra-Nova-Healing-100112459271361","https:\/\/www.instagram.com\/terranovahealing11\/"]}]}},"_links":{"self":[{"href":"https:\/\/www.terranovahealing.com\/index.php\/wp-json\/wp\/v2\/pages\/3","targetHints":{"allow":["GET"]}}],"collection":[{"href":"https:\/\/www.terranovahealing.com\/index.php\/wp-json\/wp\/v2\/pages"}],"about":[{"href":"https:\/\/www.terranovahealing.com\/index.php\/wp-json\/wp\/v2\/types\/page"}],"author":[{"embeddable":true,"href":"https:\/\/www.terranovahealing.com\/index.php\/wp-json\/wp\/v2\/users\/1"}],"replies":[{"embeddable":true,"href":"https:\/\/www.terranovahealing.com\/index.php\/wp-json\/wp\/v2\/comments?post=3"}],"version-history":[{"count":7,"href":"https:\/\/www.terranovahealing.com\/index.php\/wp-json\/wp\/v2\/pages\/3\/revisions"}],"predecessor-version":[{"id":1042,"href":"https:\/\/www.terranovahealing.com\/index.php\/wp-json\/wp\/v2\/pages\/3\/revisions\/1042"}],"wp:attachment":[{"href":"https:\/\/www.terranovahealing.com\/index.php\/wp-json\/wp\/v2\/media?parent=3"}],"curies":[{"name":"wp","href":"https:\/\/api.w.org\/{rel}","templated":true}]}}